{"id":11,"date":"2023-07-31T21:58:25","date_gmt":"2023-07-31T19:58:25","guid":{"rendered":"http:\/\/www.trebeurden-chambres-hotes.com\/?page_id=11"},"modified":"2023-08-03T09:32:49","modified_gmt":"2023-08-03T07:32:49","slug":"contact","status":"publish","type":"page","link":"https:\/\/www.trebeurden-chambres-hotes.com\/index.php\/contact\/","title":{"rendered":"Contact"},"content":{"rendered":"\n<h2 class=\"wp-block-heading custom-ask\">Formulaire de contact<\/h2>\n\n\n\n<div class=\"wp-block-contact-form-7-contact-form-selector\">\n<div class=\"wpcf7 no-js\" id=\"wpcf7-f21-o1\" lang=\"fr-FR\" dir=\"ltr\">\n<div class=\"screen-reader-response\"><p role=\"status\" aria-live=\"polite\" aria-atomic=\"true\"><\/p> <ul><\/ul><\/div>\n<form action=\"\/index.php\/wp-json\/wp\/v2\/pages\/11#wpcf7-f21-o1\" method=\"post\" class=\"wpcf7-form init\" aria-label=\"Formulaire de contact\" novalidate=\"novalidate\" data-status=\"init\">\n<div style=\"display: none;\">\n<input type=\"hidden\" name=\"_wpcf7\" value=\"21\" \/>\n<input type=\"hidden\" name=\"_wpcf7_version\" value=\"5.7.7\" \/>\n<input type=\"hidden\" name=\"_wpcf7_locale\" value=\"fr_FR\" \/>\n<input type=\"hidden\" name=\"_wpcf7_unit_tag\" value=\"wpcf7-f21-o1\" \/>\n<input type=\"hidden\" name=\"_wpcf7_container_post\" value=\"0\" \/>\n<input type=\"hidden\" name=\"_wpcf7_posted_data_hash\" value=\"\" \/>\n<input type=\"hidden\" name=\"_wpcf7_recaptcha_response\" value=\"\" \/>\n<\/div>\n<p><label> Votre nom<br \/>\n<span class=\"wpcf7-form-control-wrap\" data-name=\"your-name\"><input size=\"40\" class=\"wpcf7-form-control wpcf7-text wpcf7-validates-as-required\" autocomplete=\"name\" aria-required=\"true\" aria-invalid=\"false\" value=\"\" type=\"text\" name=\"your-name\" \/><\/span> <\/label>\n<\/p>\n<p><label> Votre e-mail<br \/>\n<span class=\"wpcf7-form-control-wrap\" data-name=\"your-email\"><input size=\"40\" class=\"wpcf7-form-control wpcf7-text wpcf7-email wpcf7-validates-as-required wpcf7-validates-as-email\" autocomplete=\"email\" aria-required=\"true\" aria-invalid=\"false\" value=\"\" type=\"email\" name=\"your-email\" \/><\/span> <\/label>\n<\/p>\n<p><label> Objet<br \/>\n<span class=\"wpcf7-form-control-wrap\" data-name=\"your-subject\"><input size=\"40\" class=\"wpcf7-form-control wpcf7-text wpcf7-validates-as-required\" aria-required=\"true\" aria-invalid=\"false\" value=\"\" type=\"text\" name=\"your-subject\" \/><\/span> <\/label>\n<\/p>\n<p><label> Votre message (facultatif)<br \/>\n<span class=\"wpcf7-form-control-wrap\" data-name=\"your-message\"><textarea cols=\"40\" rows=\"10\" class=\"wpcf7-form-control wpcf7-textarea\" aria-invalid=\"false\" name=\"your-message\"><\/textarea><\/span> <\/label>\n<\/p>\n<p><input class=\"wpcf7-form-control has-spinner wpcf7-submit\" type=\"submit\" value=\"Envoyer\" \/>\n<\/p><p style=\"display: none !important;\"><label>&#916;<textarea name=\"_wpcf7_ak_hp_textarea\" cols=\"45\" rows=\"8\" maxlength=\"100\"><\/textarea><\/label><input type=\"hidden\" id=\"ak_js_1\" name=\"_wpcf7_ak_js\" value=\"0\"\/><script>document.getElementById( \"ak_js_1\" ).setAttribute( \"value\", ( new Date() ).getTime() );<\/script><\/p><div class=\"wpcf7-response-output\" aria-hidden=\"true\"><\/div>\n<\/form>\n<\/div>\n<\/div>\n\n\n\n<p><img decoding=\"async\" src=\"wpimages\/wp5b5707b1_06.png\" alt=\"\"><img loading=\"lazy\" decoding=\"async\" width=\"43\" height=\"31\" src=\"wpimages\/wp144f725e_06.png\" alt=\"\"><\/p>\n\n\n\n<p>Maison Kerwenet | 21Bis, rue de Kerwenet 22560 TREBEURDEN<\/p>\n\n\n\n<iframe src=\"https:\/\/www.google.com\/maps\/embed?pb=!1m14!1m8!1m3!1d10965.060842428917!2d-3.5747332959975475!3d48.77048300806794!3m2!1i1024!2i768!4f13.1!3m3!1m2!1s0x4813d3689c51fa57%3A0x400f6eeda8eaf6b3!2sChambres%20d&#39;h%C3%B4tes%20Kerwenet!5e0!3m2!1sfr!2sfr!4v1690839925029!5m2!1sfr!2sfr\" width=\"600\" height=\"450\" style=\"border:0;\" allowfullscreen=\"\" loading=\"lazy\" referrerpolicy=\"no-referrer-when-downgrade\"><\/iframe>\n\n\n\n<p>Notre chambre d\u2019h\u00f4tes est r\u00e9f\u00e9renc\u00e9e sur le site de l\u2019office de tourisme de TREBEURDEN \u00e0 cette adresse :<\/p>\n\n\n\n<p><a href=\"https:\/\/www.bretagne-cotedegranitrose.com\/offres\/agnes-curti-trebeurden-fr-2714174\/\">https:\/\/www.bretagne-cotedegranitrose.com\/offres\/agnes-curti-trebeurden-fr-2714174\/<\/a><\/p>\n","protected":false},"excerpt":{"rendered":"<p>Formulaire de contact Maison Kerwenet | 21Bis, rue de Kerwenet 22560 TREBEURDEN Notre chambre d\u2019h\u00f4tes est r\u00e9f\u00e9renc\u00e9e sur le site de l\u2019office de tourisme de TREBEURDEN \u00e0 cette adresse : https:\/\/www.bretagne-cotedegranitrose.com\/offres\/agnes-curti-trebeurden-fr-2714174\/<\/p>\n","protected":false},"author":1,"featured_media":0,"parent":0,"menu_order":0,"comment_status":"closed","ping_status":"closed","template":"","meta":{"footnotes":""},"class_list":["post-11","page","type-page","status-publish","hentry"],"acf":[],"yoast_head":"<!-- This site is optimized with the Yoast SEO plugin v20.12 - https:\/\/yoast.com\/wordpress\/plugins\/seo\/ -->\n<title>Contact - Chambres d&#039;h\u00f4tes Kerwenet<\/title>\n<meta name=\"robots\" content=\"index, follow, max-snippet:-1, max-image-preview:large, max-video-preview:-1\" \/>\n<link rel=\"canonical\" href=\"https:\/\/www.trebeurden-chambres-hotes.com\/index.php\/contact\/\" \/>\n<meta property=\"og:locale\" content=\"fr_FR\" \/>\n<meta property=\"og:type\" content=\"article\" \/>\n<meta property=\"og:title\" content=\"Contact - Chambres d&#039;h\u00f4tes Kerwenet\" \/>\n<meta property=\"og:description\" content=\"Formulaire de contact Maison Kerwenet | 21Bis, rue de Kerwenet 22560 TREBEURDEN Notre chambre d\u2019h\u00f4tes est r\u00e9f\u00e9renc\u00e9e sur le site de l\u2019office de tourisme de TREBEURDEN \u00e0 cette adresse : https:\/\/www.bretagne-cotedegranitrose.com\/offres\/agnes-curti-trebeurden-fr-2714174\/\" \/>\n<meta property=\"og:url\" content=\"https:\/\/www.trebeurden-chambres-hotes.com\/index.php\/contact\/\" \/>\n<meta property=\"og:site_name\" content=\"Chambres d&#039;h\u00f4tes Kerwenet\" \/>\n<meta property=\"article:modified_time\" content=\"2023-08-03T07:32:49+00:00\" \/>\n<meta name=\"twitter:card\" content=\"summary_large_image\" \/>\n<meta name=\"twitter:label1\" content=\"Dur\u00e9e de lecture estim\u00e9e\" \/>\n\t<meta name=\"twitter:data1\" content=\"1 minute\" \/>\n<script type=\"application\/ld+json\" class=\"yoast-schema-graph\">{\"@context\":\"https:\/\/schema.org\",\"@graph\":[{\"@type\":\"WebPage\",\"@id\":\"https:\/\/www.trebeurden-chambres-hotes.com\/index.php\/contact\/\",\"url\":\"https:\/\/www.trebeurden-chambres-hotes.com\/index.php\/contact\/\",\"name\":\"Contact - Chambres d&#039;h\u00f4tes Kerwenet\",\"isPartOf\":{\"@id\":\"https:\/\/www.trebeurden-chambres-hotes.com\/#website\"},\"datePublished\":\"2023-07-31T19:58:25+00:00\",\"dateModified\":\"2023-08-03T07:32:49+00:00\",\"breadcrumb\":{\"@id\":\"https:\/\/www.trebeurden-chambres-hotes.com\/index.php\/contact\/#breadcrumb\"},\"inLanguage\":\"fr-FR\",\"potentialAction\":[{\"@type\":\"ReadAction\",\"target\":[\"https:\/\/www.trebeurden-chambres-hotes.com\/index.php\/contact\/\"]}]},{\"@type\":\"BreadcrumbList\",\"@id\":\"https:\/\/www.trebeurden-chambres-hotes.com\/index.php\/contact\/#breadcrumb\",\"itemListElement\":[{\"@type\":\"ListItem\",\"position\":1,\"name\":\"Accueil\",\"item\":\"https:\/\/www.trebeurden-chambres-hotes.com\/\"},{\"@type\":\"ListItem\",\"position\":2,\"name\":\"Contact\"}]},{\"@type\":\"WebSite\",\"@id\":\"https:\/\/www.trebeurden-chambres-hotes.com\/#website\",\"url\":\"https:\/\/www.trebeurden-chambres-hotes.com\/\",\"name\":\"Chambres d'h\u00f4tes Kerwenet\",\"description\":\"\",\"potentialAction\":[{\"@type\":\"SearchAction\",\"target\":{\"@type\":\"EntryPoint\",\"urlTemplate\":\"https:\/\/www.trebeurden-chambres-hotes.com\/?s={search_term_string}\"},\"query-input\":\"required name=search_term_string\"}],\"inLanguage\":\"fr-FR\"}]}<\/script>\n<!-- \/ Yoast SEO plugin. -->","yoast_head_json":{"title":"Contact - Chambres d&#039;h\u00f4tes Kerwenet","robots":{"index":"index","follow":"follow","max-snippet":"max-snippet:-1","max-image-preview":"max-image-preview:large","max-video-preview":"max-video-preview:-1"},"canonical":"https:\/\/www.trebeurden-chambres-hotes.com\/index.php\/contact\/","og_locale":"fr_FR","og_type":"article","og_title":"Contact - Chambres d&#039;h\u00f4tes Kerwenet","og_description":"Formulaire de contact Maison Kerwenet | 21Bis, rue de Kerwenet 22560 TREBEURDEN Notre chambre d\u2019h\u00f4tes est r\u00e9f\u00e9renc\u00e9e sur le site de l\u2019office de tourisme de TREBEURDEN \u00e0 cette adresse : https:\/\/www.bretagne-cotedegranitrose.com\/offres\/agnes-curti-trebeurden-fr-2714174\/","og_url":"https:\/\/www.trebeurden-chambres-hotes.com\/index.php\/contact\/","og_site_name":"Chambres d&#039;h\u00f4tes Kerwenet","article_modified_time":"2023-08-03T07:32:49+00:00","twitter_card":"summary_large_image","twitter_misc":{"Dur\u00e9e de lecture estim\u00e9e":"1 minute"},"schema":{"@context":"https:\/\/schema.org","@graph":[{"@type":"WebPage","@id":"https:\/\/www.trebeurden-chambres-hotes.com\/index.php\/contact\/","url":"https:\/\/www.trebeurden-chambres-hotes.com\/index.php\/contact\/","name":"Contact - Chambres d&#039;h\u00f4tes Kerwenet","isPartOf":{"@id":"https:\/\/www.trebeurden-chambres-hotes.com\/#website"},"datePublished":"2023-07-31T19:58:25+00:00","dateModified":"2023-08-03T07:32:49+00:00","breadcrumb":{"@id":"https:\/\/www.trebeurden-chambres-hotes.com\/index.php\/contact\/#breadcrumb"},"inLanguage":"fr-FR","potentialAction":[{"@type":"ReadAction","target":["https:\/\/www.trebeurden-chambres-hotes.com\/index.php\/contact\/"]}]},{"@type":"BreadcrumbList","@id":"https:\/\/www.trebeurden-chambres-hotes.com\/index.php\/contact\/#breadcrumb","itemListElement":[{"@type":"ListItem","position":1,"name":"Accueil","item":"https:\/\/www.trebeurden-chambres-hotes.com\/"},{"@type":"ListItem","position":2,"name":"Contact"}]},{"@type":"WebSite","@id":"https:\/\/www.trebeurden-chambres-hotes.com\/#website","url":"https:\/\/www.trebeurden-chambres-hotes.com\/","name":"Chambres d'h\u00f4tes Kerwenet","description":"","potentialAction":[{"@type":"SearchAction","target":{"@type":"EntryPoint","urlTemplate":"https:\/\/www.trebeurden-chambres-hotes.com\/?s={search_term_string}"},"query-input":"required name=search_term_string"}],"inLanguage":"fr-FR"}]}},"_links":{"self":[{"href":"https:\/\/www.trebeurden-chambres-hotes.com\/index.php\/wp-json\/wp\/v2\/pages\/11","targetHints":{"allow":["GET"]}}],"collection":[{"href":"https:\/\/www.trebeurden-chambres-hotes.com\/index.php\/wp-json\/wp\/v2\/pages"}],"about":[{"href":"https:\/\/www.trebeurden-chambres-hotes.com\/index.php\/wp-json\/wp\/v2\/types\/page"}],"author":[{"embeddable":true,"href":"https:\/\/www.trebeurden-chambres-hotes.com\/index.php\/wp-json\/wp\/v2\/users\/1"}],"replies":[{"embeddable":true,"href":"https:\/\/www.trebeurden-chambres-hotes.com\/index.php\/wp-json\/wp\/v2\/comments?post=11"}],"version-history":[{"count":6,"href":"https:\/\/www.trebeurden-chambres-hotes.com\/index.php\/wp-json\/wp\/v2\/pages\/11\/revisions"}],"predecessor-version":[{"id":128,"href":"https:\/\/www.trebeurden-chambres-hotes.com\/index.php\/wp-json\/wp\/v2\/pages\/11\/revisions\/128"}],"wp:attachment":[{"href":"https:\/\/www.trebeurden-chambres-hotes.com\/index.php\/wp-json\/wp\/v2\/media?parent=11"}],"curies":[{"name":"wp","href":"https:\/\/api.w.org\/{rel}","templated":true}]}}