{"id":7,"date":"2023-07-31T21:53:06","date_gmt":"2023-07-31T19:53:06","guid":{"rendered":"http:\/\/www.trebeurden-chambres-hotes.com\/?page_id=7"},"modified":"2023-08-03T15:53:12","modified_gmt":"2023-08-03T13:53:12","slug":"les-chambres-dhotes","status":"publish","type":"page","link":"https:\/\/www.trebeurden-chambres-hotes.com\/index.php\/les-chambres-dhotes\/","title":{"rendered":"Les chambres d&rsquo;h\u00f4tes"},"content":{"rendered":"\n<h2 class=\"wp-block-heading custom-ask\">La maison Kerwenet,<\/h2>\n\n\n<div class=\"wp-block-image\">\n<figure class=\"aligncenter size-full\"><img loading=\"lazy\" decoding=\"async\" width=\"116\" height=\"86\" src=\"https:\/\/www.trebeurden-chambres-hotes.com\/wp-content\/uploads\/2023\/08\/poisson_ch_hote.png\" alt=\"\" class=\"wp-image-147\"\/><\/figure>\n<\/div>\n\n\n<h2 class=\"wp-block-heading custom-ask\">Un lieu id\u00e9al pour profiter de votre s\u00e9jour \u2026<\/h2>\n\n\n\n<p><br>Les trois chambres disposent chacune d\u2019une salle de bain avec douche, wc, entr\u00e9e<br>privative, et petite terrasse en bois. Elles sont \u00e9galement \u00e9quip\u00e9es d\u2019une TV \u00e9cran<br>plat. Un acc\u00e8s internet (wifi) est \u00e0 disposition. Les trois chambres sont pourvues d\u2019un<br>lit de grande taille ( 1m60), petit bureau et sa chaise et chevets.<br>Acc\u00e8s au jardin o\u00f9 se trouve une table pique-nique.<br>Acc\u00e8s aux terrasses o\u00f9 chacune des chambres dispose de 2 chaises longues.<\/p>\n\n\n\n<h2 class=\"wp-block-heading custom-ask\">Les chambres du rez-de-chauss\u00e9e<\/h2>\n\n\n\n<p><br>Au rez-de-chauss\u00e9e sont les deux chambres d\u2019h\u00f4tes, avec pour chacune sa salle<br>de bain et ses wc privatifs.<br>Acc\u00e8s \u00e0 un espace commun aux deux chambres, o\u00f9 se trouve un frigo si besoin, un<br>espace salle\/salon. En formule \u00ab chambre d\u2019h\u00f4tes \u00bb, il n\u2019est pas pr\u00e9vu l\u2019acc\u00e8s \u00e0 la<br>cuisine, le petit d\u00e9jeuner \u00e9tant fourni.<br>Le petit d\u00e9jeuner a lieu entre 8h et 9h, dans ma v\u00e9randa.<\/p>\n\n\n<div class=\"wp-block-image\">\n<figure class=\"aligncenter size-full\"><img loading=\"lazy\" decoding=\"async\" width=\"162\" height=\"136\" src=\"https:\/\/www.trebeurden-chambres-hotes.com\/wp-content\/uploads\/2023\/08\/poterie.png\" alt=\"\" class=\"wp-image-148\"\/><\/figure>\n<\/div>\n\n\n<h2 class=\"wp-block-heading custom-ask\">La chambre de l\u2019\u00e9tage<\/h2>\n\n\n\n<p><br>A l\u2019\u00e9tage, formule \u00ab gite \u00bb ou formule \u00ab chambre d\u2019h\u00f4tes \u00bb<br>L\u2019\u00e9tage permet d\u2019\u00eatre autonome, car attenante \u00e0 la chambre se trouve une salle\/salon<br>dont l\u2019acc\u00e8s est exclusif. Il s\u2019agit d\u2019un grand T1 de 40m2, avec une terrasse. ( petite<br>vue mer ! )<br>De m\u00eame une kitchenette \u00e9quip\u00e9e d\u2019un micro-onde, cafeti\u00e8re, bouilloire ainsi que de<br>deux plaques \u00e0 induction permet de faire un minimum de cuisine.<\/p>\n\n\n\n<p>Les locataires choisiront donc entre les formules :<\/p>\n\n\n\n<ul class=\"wp-block-list\">\n<li>\u00ab gite \u00bb Elle permet de b\u00e9n\u00e9ficier de la jouissance de la cuisine mais dans ce cas<br>sans les petits d\u00e9jeuners.<\/li>\n\n\n\n<li>\u00ab chambre d\u2019h\u00f4tes \u00bb C\u2019est \u00e0 dire avec le petit d\u00e9jeuner mais sans utiliser l\u2019espace<br>cuisine.<br>A l\u2019\u00e9tage se trouve \u00e9galement dans le salon un lit-tiroir, permettant de coucher deux<br>personnes suppl\u00e9mentaires, car ce sont 2 lits de 90&#215;190.<\/li>\n<\/ul>\n\n\n<div class=\"wp-block-image\">\n<figure class=\"aligncenter size-full\"><img loading=\"lazy\" decoding=\"async\" width=\"148\" height=\"204\" src=\"https:\/\/www.trebeurden-chambres-hotes.com\/wp-content\/uploads\/2023\/08\/lampe_boisflotte.png\" alt=\"\" class=\"wp-image-149\"\/><\/figure>\n<\/div>","protected":false},"excerpt":{"rendered":"<p>La maison Kerwenet, Un lieu id\u00e9al pour profiter de votre s\u00e9jour \u2026 Les trois chambres disposent chacune d\u2019une salle de bain avec douche, wc, entr\u00e9eprivative, et petite terrasse en bois. Elles sont \u00e9galement \u00e9quip\u00e9es d\u2019une TV \u00e9cranplat. Un acc\u00e8s internet (wifi) est \u00e0 disposition. Les trois chambres sont pourvues d\u2019unlit de grande taille ( 1m60), &hellip; <\/p>\n<p class=\"link-more\"><a href=\"https:\/\/www.trebeurden-chambres-hotes.com\/index.php\/les-chambres-dhotes\/\" class=\"more-link\">Continuer la lecture<span class=\"screen-reader-text\"> de &laquo;&nbsp;Les chambres d&rsquo;h\u00f4tes&nbsp;&raquo;<\/span><\/a><\/p>\n","protected":false},"author":1,"featured_media":0,"parent":0,"menu_order":0,"comment_status":"closed","ping_status":"closed","template":"","meta":{"footnotes":""},"class_list":["post-7","page","type-page","status-publish","hentry"],"acf":[],"yoast_head":"<!-- This site is optimized with the Yoast SEO plugin v20.12 - https:\/\/yoast.com\/wordpress\/plugins\/seo\/ -->\n<title>Les chambres d&#039;h\u00f4tes - Chambres d&#039;h\u00f4tes Kerwenet<\/title>\n<meta name=\"robots\" content=\"index, follow, max-snippet:-1, max-image-preview:large, max-video-preview:-1\" \/>\n<link rel=\"canonical\" href=\"https:\/\/www.trebeurden-chambres-hotes.com\/index.php\/les-chambres-dhotes\/\" \/>\n<meta property=\"og:locale\" content=\"fr_FR\" \/>\n<meta property=\"og:type\" content=\"article\" \/>\n<meta property=\"og:title\" content=\"Les chambres d&#039;h\u00f4tes - Chambres d&#039;h\u00f4tes Kerwenet\" \/>\n<meta property=\"og:description\" content=\"La maison Kerwenet, Un lieu id\u00e9al pour profiter de votre s\u00e9jour \u2026 Les trois chambres disposent chacune d\u2019une salle de bain avec douche, wc, entr\u00e9eprivative, et petite terrasse en bois. Elles sont \u00e9galement \u00e9quip\u00e9es d\u2019une TV \u00e9cranplat. Un acc\u00e8s internet (wifi) est \u00e0 disposition. Les trois chambres sont pourvues d\u2019unlit de grande taille ( 1m60), &hellip; Continuer la lecture de &laquo;&nbsp;Les chambres d&rsquo;h\u00f4tes&nbsp;&raquo;\" \/>\n<meta property=\"og:url\" content=\"https:\/\/www.trebeurden-chambres-hotes.com\/index.php\/les-chambres-dhotes\/\" \/>\n<meta property=\"og:site_name\" content=\"Chambres d&#039;h\u00f4tes Kerwenet\" \/>\n<meta property=\"article:modified_time\" content=\"2023-08-03T13:53:12+00:00\" \/>\n<meta property=\"og:image\" content=\"https:\/\/www.trebeurden-chambres-hotes.com\/wp-content\/uploads\/2023\/08\/poisson_ch_hote.png\" \/>\n<meta name=\"twitter:card\" content=\"summary_large_image\" \/>\n<meta name=\"twitter:label1\" content=\"Dur\u00e9e de lecture estim\u00e9e\" \/>\n\t<meta name=\"twitter:data1\" content=\"3 minutes\" \/>\n<script type=\"application\/ld+json\" class=\"yoast-schema-graph\">{\"@context\":\"https:\/\/schema.org\",\"@graph\":[{\"@type\":\"WebPage\",\"@id\":\"https:\/\/www.trebeurden-chambres-hotes.com\/index.php\/les-chambres-dhotes\/\",\"url\":\"https:\/\/www.trebeurden-chambres-hotes.com\/index.php\/les-chambres-dhotes\/\",\"name\":\"Les chambres d'h\u00f4tes - Chambres d&#039;h\u00f4tes Kerwenet\",\"isPartOf\":{\"@id\":\"https:\/\/www.trebeurden-chambres-hotes.com\/#website\"},\"datePublished\":\"2023-07-31T19:53:06+00:00\",\"dateModified\":\"2023-08-03T13:53:12+00:00\",\"breadcrumb\":{\"@id\":\"https:\/\/www.trebeurden-chambres-hotes.com\/index.php\/les-chambres-dhotes\/#breadcrumb\"},\"inLanguage\":\"fr-FR\",\"potentialAction\":[{\"@type\":\"ReadAction\",\"target\":[\"https:\/\/www.trebeurden-chambres-hotes.com\/index.php\/les-chambres-dhotes\/\"]}]},{\"@type\":\"BreadcrumbList\",\"@id\":\"https:\/\/www.trebeurden-chambres-hotes.com\/index.php\/les-chambres-dhotes\/#breadcrumb\",\"itemListElement\":[{\"@type\":\"ListItem\",\"position\":1,\"name\":\"Accueil\",\"item\":\"https:\/\/www.trebeurden-chambres-hotes.com\/\"},{\"@type\":\"ListItem\",\"position\":2,\"name\":\"Les chambres d&rsquo;h\u00f4tes\"}]},{\"@type\":\"WebSite\",\"@id\":\"https:\/\/www.trebeurden-chambres-hotes.com\/#website\",\"url\":\"https:\/\/www.trebeurden-chambres-hotes.com\/\",\"name\":\"Chambres d'h\u00f4tes Kerwenet\",\"description\":\"\",\"potentialAction\":[{\"@type\":\"SearchAction\",\"target\":{\"@type\":\"EntryPoint\",\"urlTemplate\":\"https:\/\/www.trebeurden-chambres-hotes.com\/?s={search_term_string}\"},\"query-input\":\"required name=search_term_string\"}],\"inLanguage\":\"fr-FR\"}]}<\/script>\n<!-- \/ Yoast SEO plugin. -->","yoast_head_json":{"title":"Les chambres d'h\u00f4tes - Chambres d&#039;h\u00f4tes Kerwenet","robots":{"index":"index","follow":"follow","max-snippet":"max-snippet:-1","max-image-preview":"max-image-preview:large","max-video-preview":"max-video-preview:-1"},"canonical":"https:\/\/www.trebeurden-chambres-hotes.com\/index.php\/les-chambres-dhotes\/","og_locale":"fr_FR","og_type":"article","og_title":"Les chambres d'h\u00f4tes - Chambres d&#039;h\u00f4tes Kerwenet","og_description":"La maison Kerwenet, Un lieu id\u00e9al pour profiter de votre s\u00e9jour \u2026 Les trois chambres disposent chacune d\u2019une salle de bain avec douche, wc, entr\u00e9eprivative, et petite terrasse en bois. Elles sont \u00e9galement \u00e9quip\u00e9es d\u2019une TV \u00e9cranplat. Un acc\u00e8s internet (wifi) est \u00e0 disposition. Les trois chambres sont pourvues d\u2019unlit de grande taille ( 1m60), &hellip; Continuer la lecture de &laquo;&nbsp;Les chambres d&rsquo;h\u00f4tes&nbsp;&raquo;","og_url":"https:\/\/www.trebeurden-chambres-hotes.com\/index.php\/les-chambres-dhotes\/","og_site_name":"Chambres d&#039;h\u00f4tes Kerwenet","article_modified_time":"2023-08-03T13:53:12+00:00","og_image":[{"url":"https:\/\/www.trebeurden-chambres-hotes.com\/wp-content\/uploads\/2023\/08\/poisson_ch_hote.png"}],"twitter_card":"summary_large_image","twitter_misc":{"Dur\u00e9e de lecture estim\u00e9e":"3 minutes"},"schema":{"@context":"https:\/\/schema.org","@graph":[{"@type":"WebPage","@id":"https:\/\/www.trebeurden-chambres-hotes.com\/index.php\/les-chambres-dhotes\/","url":"https:\/\/www.trebeurden-chambres-hotes.com\/index.php\/les-chambres-dhotes\/","name":"Les chambres d'h\u00f4tes - Chambres d&#039;h\u00f4tes Kerwenet","isPartOf":{"@id":"https:\/\/www.trebeurden-chambres-hotes.com\/#website"},"datePublished":"2023-07-31T19:53:06+00:00","dateModified":"2023-08-03T13:53:12+00:00","breadcrumb":{"@id":"https:\/\/www.trebeurden-chambres-hotes.com\/index.php\/les-chambres-dhotes\/#breadcrumb"},"inLanguage":"fr-FR","potentialAction":[{"@type":"ReadAction","target":["https:\/\/www.trebeurden-chambres-hotes.com\/index.php\/les-chambres-dhotes\/"]}]},{"@type":"BreadcrumbList","@id":"https:\/\/www.trebeurden-chambres-hotes.com\/index.php\/les-chambres-dhotes\/#breadcrumb","itemListElement":[{"@type":"ListItem","position":1,"name":"Accueil","item":"https:\/\/www.trebeurden-chambres-hotes.com\/"},{"@type":"ListItem","position":2,"name":"Les chambres d&rsquo;h\u00f4tes"}]},{"@type":"WebSite","@id":"https:\/\/www.trebeurden-chambres-hotes.com\/#website","url":"https:\/\/www.trebeurden-chambres-hotes.com\/","name":"Chambres d'h\u00f4tes Kerwenet","description":"","potentialAction":[{"@type":"SearchAction","target":{"@type":"EntryPoint","urlTemplate":"https:\/\/www.trebeurden-chambres-hotes.com\/?s={search_term_string}"},"query-input":"required name=search_term_string"}],"inLanguage":"fr-FR"}]}},"_links":{"self":[{"href":"https:\/\/www.trebeurden-chambres-hotes.com\/index.php\/wp-json\/wp\/v2\/pages\/7","targetHints":{"allow":["GET"]}}],"collection":[{"href":"https:\/\/www.trebeurden-chambres-hotes.com\/index.php\/wp-json\/wp\/v2\/pages"}],"about":[{"href":"https:\/\/www.trebeurden-chambres-hotes.com\/index.php\/wp-json\/wp\/v2\/types\/page"}],"author":[{"embeddable":true,"href":"https:\/\/www.trebeurden-chambres-hotes.com\/index.php\/wp-json\/wp\/v2\/users\/1"}],"replies":[{"embeddable":true,"href":"https:\/\/www.trebeurden-chambres-hotes.com\/index.php\/wp-json\/wp\/v2\/comments?post=7"}],"version-history":[{"count":3,"href":"https:\/\/www.trebeurden-chambres-hotes.com\/index.php\/wp-json\/wp\/v2\/pages\/7\/revisions"}],"predecessor-version":[{"id":150,"href":"https:\/\/www.trebeurden-chambres-hotes.com\/index.php\/wp-json\/wp\/v2\/pages\/7\/revisions\/150"}],"wp:attachment":[{"href":"https:\/\/www.trebeurden-chambres-hotes.com\/index.php\/wp-json\/wp\/v2\/media?parent=7"}],"curies":[{"name":"wp","href":"https:\/\/api.w.org\/{rel}","templated":true}]}}